{"id":5266,"date":"2021-07-18T08:03:35","date_gmt":"2021-07-18T08:03:35","guid":{"rendered":"https:\/\/nuss.uxper.co\/luxury-resort\/?page_id=5266"},"modified":"2025-09-17T08:24:40","modified_gmt":"2025-09-17T08:24:40","slug":"a-propos-de-nous","status":"publish","type":"page","link":"https:\/\/maixingeboutiquehotel.com\/fr\/a-propos-de-nous\/","title":{"rendered":"\u00c0 propos de nous"},"content":{"rendered":"<div data-elementor-type=\"wp-page\" data-elementor-id=\"5266\" class=\"elementor elementor-5266\">\n\t\t\t\t\t\t<section class=\"elementor-section elementor-top-section elementor-element elementor-element-10416953 elementor-section-boxed elementor-section-gap-beside-yes elementor-section-height-default elementor-section-height-default elementor-section-column-vertical-align-stretch\" data-id=\"10416953\" data-element_type=\"section\" data-e-type=\"section\">\n\t\t\t\t\t\t<div class=\"elementor-container elementor-column-gap-extended\">\n\t\t\t\t\t<div class=\"elementor-column elementor-col-100 elementor-top-column elementor-element elementor-element-29c6aa8\" data-id=\"29c6aa8\" data-element_type=\"column\" data-e-type=\"column\">\n\t\t\t<div class=\"elementor-widget-wrap elementor-element-populated\">\n\t\t\t\t\t\t<div class=\"elementor-element elementor-element-7be18fe7 elementor-widget__width-initial elementor-invisible elementor-widget elementor-widget-text-editor\" data-id=\"7be18fe7\" data-element_type=\"widget\" data-e-type=\"widget\" data-settings=\"{&quot;_animation&quot;:&quot;nussFadeInUp&quot;}\" data-widget_type=\"text-editor.default\">\n\t\t\t\t\t\t\t\t\t<p><!--StartFragment --><\/p><p>Bienvenue \u00e0 <strong>Anyee Xinliang Grand Hotel (Chengdu Chunxi Road Taikoo Li)<\/strong>\u2014 un refuge urbain raffin\u00e9 nich\u00e9 au c\u0153ur du quartier anim\u00e9 de Jinjiang \u00e0 Chengdu. Situ\u00e9 \u00e0 quelques pas de l&#039;embl\u00e9matique <strong>Route de Chunxi<\/strong> et le style <strong>Zone commerciale de Taikoo Li<\/strong>, cet h\u00f4tel quatre \u00e9toiles allie confort moderne et \u00e9l\u00e9gance classique.<\/p><p><!--EndFragment --><\/p>\t\t\t\t\t\t\t\t<\/div>\n\t\t\t\t\t<\/div>\n\t\t<\/div>\n\t\t\t\t\t<\/div>\n\t\t<\/section>\n\t\t\t\t<section class=\"elementor-section elementor-top-section elementor-element elementor-element-7d18327f elementor-section-boxed elementor-section-gap-beside-yes elementor-section-height-default elementor-section-height-default elementor-section-column-vertical-align-stretch\" data-id=\"7d18327f\" data-element_type=\"section\" data-e-type=\"section\">\n\t\t\t\t\t\t<div class=\"elementor-container elementor-column-gap-extended\">\n\t\t\t\t\t<div class=\"elementor-column elementor-col-50 elementor-top-column elementor-element elementor-element-56533670\" data-id=\"56533670\" data-element_type=\"column\" data-e-type=\"column\">\n\t\t\t<div class=\"elementor-widget-wrap elementor-element-populated\">\n\t\t\t\t\t\t<div class=\"elementor-element elementor-element-19c3f543 elementor-invisible elementor-widget elementor-widget-text-editor\" data-id=\"19c3f543\" data-element_type=\"widget\" data-e-type=\"widget\" data-settings=\"{&quot;_animation&quot;:&quot;nussFadeInUp&quot;}\" data-widget_type=\"text-editor.default\">\n\t\t\t\t\t\t\t\t\t<p>Nich\u00e9 au c\u0153ur du quartier financier de Shanghai, le Maixinge Boutique Hotel, situ\u00e9 au 168 Yuanshen Road, dans le nouveau quartier de Pudong, red\u00e9finit l&#039;\u00e9vasion urbaine avec une sophistication paisible. Plus qu&#039;un simple lieu de s\u00e9jour, ce sanctuaire intimiste 4,8 \u00e9toiles offre aux voyageurs exigeants une alliance rare de design minimaliste, de service ultra-personnalis\u00e9 et de vues imprenables sur le fleuve Huangpu et la skyline embl\u00e9matique de Lujiazui, de la Perle de l&#039;Orient \u00e0 la Tour de Shanghai, le tout encadr\u00e9 par de grandes baies vitr\u00e9es dans chaque chambre.<\/p>\t\t\t\t\t\t\t\t<\/div>\n\t\t\t\t\t<\/div>\n\t\t<\/div>\n\t\t\t\t<div class=\"elementor-column elementor-col-50 elementor-top-column elementor-element elementor-element-30f14127\" data-id=\"30f14127\" data-element_type=\"column\" data-e-type=\"column\">\n\t\t\t<div class=\"elementor-widget-wrap elementor-element-populated\">\n\t\t\t\t\t\t<div class=\"elementor-element elementor-element-59aea08 elementor-widget elementor-widget-image\" data-id=\"59aea08\" data-element_type=\"widget\" data-e-type=\"widget\" data-widget_type=\"image.default\">\n\t\t\t\t\t\t\t\t\t\t\t\t\t\t\t<img fetchpriority=\"high\" decoding=\"async\" width=\"1024\" height=\"682\" src=\"https:\/\/maixingeboutiquehotel.com\/wp-content\/uploads\/2025\/09\/Maixinge-Boutique-Hotel-29-1024x682.webp\" class=\"attachment-large size-large wp-image-6378\" alt=\"\" srcset=\"https:\/\/maixingeboutiquehotel.com\/wp-content\/uploads\/2025\/09\/Maixinge-Boutique-Hotel-29-1024x682.webp 1024w, https:\/\/maixingeboutiquehotel.com\/wp-content\/uploads\/2025\/09\/Maixinge-Boutique-Hotel-29-300x200.webp 300w, https:\/\/maixingeboutiquehotel.com\/wp-content\/uploads\/2025\/09\/Maixinge-Boutique-Hotel-29-768x512.webp 768w, https:\/\/maixingeboutiquehotel.com\/wp-content\/uploads\/2025\/09\/Maixinge-Boutique-Hotel-29-18x12.webp 18w, https:\/\/maixingeboutiquehotel.com\/wp-content\/uploads\/2025\/09\/Maixinge-Boutique-Hotel-29.webp 1280w\" sizes=\"(max-width: 1024px) 100vw, 1024px\" \/>\t\t\t\t\t\t\t\t\t\t\t\t\t\t\t<\/div>\n\t\t\t\t\t<\/div>\n\t\t<\/div>\n\t\t\t\t\t<\/div>\n\t\t<\/section>\n\t\t\t\t<section class=\"elementor-section elementor-top-section elementor-element elementor-element-29fb8578 elementor-section-height-min-height elementor-section-stretched elementor-section-full_width elementor-section-items-stretch elementor-section-height-default elementor-section-column-vertical-align-stretch\" data-id=\"29fb8578\" data-element_type=\"section\" data-e-type=\"section\" data-settings=\"{&quot;stretch_section&quot;:&quot;section-stretched&quot;}\">\n\t\t\t\t\t\t<div class=\"elementor-container elementor-column-gap-no\">\n\t\t\t\t\t<div class=\"elementor-column elementor-col-50 elementor-top-column elementor-element elementor-element-40ac270b\" data-id=\"40ac270b\" data-element_type=\"column\" data-e-type=\"column\">\n\t\t\t<div class=\"elementor-widget-wrap elementor-element-populated\">\n\t\t\t\t\t\t<div class=\"elementor-element elementor-element-20872773 elementor-widget__width-initial elementor-widget-mobile__width-inherit elementor-invisible nuss-elementor-loading nuss-slide-in-right elementor-widget elementor-widget-image\" data-id=\"20872773\" data-element_type=\"widget\" data-e-type=\"widget\" data-settings=\"{&quot;_animation&quot;:&quot;nussSlideInRight&quot;}\" data-widget_type=\"image.default\">\n\t\t\t\t\t\t\t\t\t\t\t\t\t\t\t<img decoding=\"async\" width=\"1280\" height=\"853\" src=\"https:\/\/maixingeboutiquehotel.com\/wp-content\/uploads\/2025\/09\/Maixinge-Boutique-Hotel-28.webp\" class=\"attachment-full size-full wp-image-6377\" alt=\"\" srcset=\"https:\/\/maixingeboutiquehotel.com\/wp-content\/uploads\/2025\/09\/Maixinge-Boutique-Hotel-28.webp 1280w, https:\/\/maixingeboutiquehotel.com\/wp-content\/uploads\/2025\/09\/Maixinge-Boutique-Hotel-28-300x200.webp 300w, https:\/\/maixingeboutiquehotel.com\/wp-content\/uploads\/2025\/09\/Maixinge-Boutique-Hotel-28-1024x682.webp 1024w, https:\/\/maixingeboutiquehotel.com\/wp-content\/uploads\/2025\/09\/Maixinge-Boutique-Hotel-28-768x512.webp 768w, https:\/\/maixingeboutiquehotel.com\/wp-content\/uploads\/2025\/09\/Maixinge-Boutique-Hotel-28-18x12.webp 18w\" sizes=\"(max-width: 1280px) 100vw, 1280px\" \/>\t\t\t\t\t\t\t\t\t\t\t\t\t\t\t<\/div>\n\t\t\t\t\t<\/div>\n\t\t<\/div>\n\t\t\t\t<div class=\"elementor-column elementor-col-50 elementor-top-column elementor-element elementor-element-2dac103\" data-id=\"2dac103\" data-element_type=\"column\" data-e-type=\"column\">\n\t\t\t<div class=\"elementor-widget-wrap elementor-element-populated\">\n\t\t\t\t\t\t<div class=\"elementor-element elementor-element-6f1b8966 elementor-invisible elementor-widget elementor-widget-text-editor\" data-id=\"6f1b8966\" data-element_type=\"widget\" data-e-type=\"widget\" data-settings=\"{&quot;_animation&quot;:&quot;nussFadeInUp&quot;}\" data-widget_type=\"text-editor.default\">\n\t\t\t\t\t\t\t\t\t<p>Con\u00e7u pour ceux qui recherchent le calme au milieu du chaos, Maixinge allie finitions en bois chaleureux, textiles artisanaux et technologie intelligente et discr\u00e8te pour cr\u00e9er un havre de paix o\u00f9 le luxe se ressent, sans s&#039;afficher. Savourez une cuisine shangha\u00efenne raffin\u00e9e au restaurant de l&#039;h\u00f4tel, savourez des cocktails artisanaux tandis que les lumi\u00e8res de la ville scintillent au cr\u00e9puscule, ou d\u00e9tendez-vous avec une s\u00e9ance de yoga \u00e0 l&#039;aube sur le toit-terrasse priv\u00e9. Avec des transferts a\u00e9roport fluides, un service de conciergerie 24h\/24 et 7j\/7 qui anticipe vos besoins avant m\u00eame que vous ne les exprimiez, et situ\u00e9 \u00e0 deux pas de la station de m\u00e9tro Lujiazui et des boutiques haut de gamme du centre commercial IFC, Maixinge n&#039;est pas seulement un h\u00f4tel\u00a0: c&#039;est votre deuxi\u00e8me chez-vous dans l&#039;une des villes les plus dynamiques du monde. Que vous soyez en voyage d&#039;affaires, de loisirs ou pour une pause zen entre deux destinations, d\u00e9couvrez Shanghai non pas comme un touriste, mais comme un habitant paisible, o\u00f9 l&#039;\u00e9l\u00e9gance rencontre la qui\u00e9tude, et o\u00f9 chaque d\u00e9tail a \u00e9t\u00e9 soigneusement pens\u00e9 pour le voyageur moderne qui appr\u00e9cie la paix autant que le prestige. R\u00e9servez votre s\u00e9jour au Maixinge Boutique Hotel, o\u00f9 l&#039;horizon \u00e9blouit, mais votre paix perdure.<\/p>\t\t\t\t\t\t\t\t<\/div>\n\t\t\t\t\t<\/div>\n\t\t<\/div>\n\t\t\t\t\t<\/div>\n\t\t<\/section>\n\t\t\t\t<section class=\"elementor-section elementor-top-section elementor-element elementor-element-2092b7d0 elementor-section-stretched elementor-section-boxed elementor-section-gap-beside-yes elementor-section-height-default elementor-section-height-default elementor-section-column-vertical-align-stretch\" data-id=\"2092b7d0\" data-element_type=\"section\" data-e-type=\"section\" data-settings=\"{&quot;background_background&quot;:&quot;classic&quot;,&quot;stretch_section&quot;:&quot;section-stretched&quot;}\">\n\t\t\t\t\t\t<div class=\"elementor-container elementor-column-gap-extended\">\n\t\t\t\t\t<div class=\"elementor-column elementor-col-100 elementor-top-column elementor-element elementor-element-be69d75\" data-id=\"be69d75\" data-element_type=\"column\" data-e-type=\"column\">\n\t\t\t<div class=\"elementor-widget-wrap elementor-element-populated\">\n\t\t\t\t\t\t<div class=\"elementor-element elementor-element-320c022 elementor-widget elementor-widget-nuss-heading\" data-id=\"320c022\" data-element_type=\"widget\" data-e-type=\"widget\" data-widget_type=\"nuss-heading.default\">\n\t\t\t\t<div class=\"elementor-widget-container\">\n\t\t\t\t\t\t\t<div class=\"nuss-modern-heading\">\r\n\t\t\t\t\t\t<div class=\"heading-secondary-wrap\">\r\n\t\t\t\t<h3 class=\"heading-secondary elementor-heading-title\">Ch\u00e8que disponible <\/h3>\t\t\t<\/div>\r\n\t\t\r\n\t\t\t\r\n\t\t\t\r\n\t\t\t\t\t<\/div>\r\n\t\t\t\t\t<\/div>\n\t\t\t\t<\/div>\n\t\t\t\t<div class=\"elementor-element elementor-element-fe69a93 elementor-widget elementor-widget-text-editor\" data-id=\"fe69a93\" data-element_type=\"widget\" data-e-type=\"widget\" data-widget_type=\"text-editor.default\">\n\t\t\t\t\t\t\t\t\t<iframe border=\"0\" src=\"https:\/\/www.trip.com\/partners\/ad\/S5424295?Allianceid=4590391&#038;SID=259979126&#038;trip_sub1=\" style=\"width:1200px;height:200px\" frameborder=\"0\" scrolling=\"no\" id=\"S5424295\"><\/iframe>\t\t\t\t\t\t\t\t<\/div>\n\t\t\t\t\t<\/div>\n\t\t<\/div>\n\t\t\t\t\t<\/div>\n\t\t<\/section>\n\t\t\t\t<\/div>","protected":false},"excerpt":{"rendered":"<p>Welcome to Anyee Xinliang Grand Hotel (Chengdu Chunxi Road Taikoo Li)\u2014a refined urban retreat nestled in the heart of Chengdu\u2019s bustling Jinjiang District. Located just steps from the iconic Chunxi Road and the stylish Taikoo Li shopping precinct, this four-star hotel blends modern comfort with classic elegance. Nestled in the pulsating heart of Shanghai\u2019s financial [&hellip;]<\/p>\n","protected":false},"author":1,"featured_media":0,"parent":0,"menu_order":0,"comment_status":"closed","ping_status":"closed","template":"","meta":{"footnotes":""},"class_list":["post-5266","page","type-page","status-publish","hentry","post-no-thumbnail"],"_links":{"self":[{"href":"https:\/\/maixingeboutiquehotel.com\/fr\/wp-json\/wp\/v2\/pages\/5266","targetHints":{"allow":["GET"]}}],"collection":[{"href":"https:\/\/maixingeboutiquehotel.com\/fr\/wp-json\/wp\/v2\/pages"}],"about":[{"href":"https:\/\/maixingeboutiquehotel.com\/fr\/wp-json\/wp\/v2\/types\/page"}],"author":[{"embeddable":true,"href":"https:\/\/maixingeboutiquehotel.com\/fr\/wp-json\/wp\/v2\/users\/1"}],"replies":[{"embeddable":true,"href":"https:\/\/maixingeboutiquehotel.com\/fr\/wp-json\/wp\/v2\/comments?post=5266"}],"version-history":[{"count":0,"href":"https:\/\/maixingeboutiquehotel.com\/fr\/wp-json\/wp\/v2\/pages\/5266\/revisions"}],"wp:attachment":[{"href":"https:\/\/maixingeboutiquehotel.com\/fr\/wp-json\/wp\/v2\/media?parent=5266"}],"curies":[{"name":"wp","href":"https:\/\/api.w.org\/{rel}","templated":true}]}}