{"id":612,"date":"2021-03-26T10:04:13","date_gmt":"2021-03-26T10:04:13","guid":{"rendered":"http:\/\/localhost\/nuss\/?page_id=612"},"modified":"2025-09-17T08:51:00","modified_gmt":"2025-09-17T08:51:00","slug":"restaurante","status":"publish","type":"page","link":"https:\/\/maixingeboutiquehotel.com\/es\/restaurante\/","title":{"rendered":"Restaurante"},"content":{"rendered":"<div data-elementor-type=\"wp-page\" data-elementor-id=\"612\" class=\"elementor elementor-612\">\n\t\t\t\t\t\t<section class=\"elementor-section elementor-top-section elementor-element elementor-element-e2effe8 elementor-section-boxed elementor-section-gap-beside-yes elementor-section-height-default elementor-section-height-default elementor-section-column-vertical-align-stretch\" data-id=\"e2effe8\" data-element_type=\"section\" data-e-type=\"section\">\n\t\t\t\t\t\t<div class=\"elementor-container elementor-column-gap-extended\">\n\t\t\t\t\t<div class=\"elementor-column elementor-col-100 elementor-top-column elementor-element elementor-element-e18f688\" data-id=\"e18f688\" data-element_type=\"column\" data-e-type=\"column\">\n\t\t\t<div class=\"elementor-widget-wrap elementor-element-populated\">\n\t\t\t\t\t\t<div class=\"elementor-element elementor-element-6db146d elementor-widget__width-initial elementor-invisible elementor-widget elementor-widget-text-editor\" data-id=\"6db146d\" data-element_type=\"widget\" data-e-type=\"widget\" data-settings=\"{&quot;_animation&quot;:&quot;nussFadeInUp&quot;}\" data-widget_type=\"text-editor.default\">\n\t\t\t\t\t\t\t\t\t<p data-spm-anchor-id=\"a2ty_o01.29997173.0.i94.7a2fc921UiLjdY\">Ubicado en el imponente horizonte del distrito financiero de Lujiazui en Shangh\u00e1i, pero alejado del ajetreo y el rugido de la ciudad de abajo, <strong>Yun Ting \u2014 La Veranda de las Nubes<\/strong> \u2014 no es solo un restaurante. Es un santuario culinario \u00edntimo donde la tradici\u00f3n se fusiona con la innovaci\u00f3n discreta, y cada plato cuenta una historia que se transmite a trav\u00e9s del aroma, la textura y el alma.<\/p>\t\t\t\t\t\t\t\t<\/div>\n\t\t\t\t\t<\/div>\n\t\t<\/div>\n\t\t\t\t\t<\/div>\n\t\t<\/section>\n\t\t<div class=\"elementor-element elementor-element-f8d2952 e-flex e-con-boxed e-con e-parent\" data-id=\"f8d2952\" data-element_type=\"container\" data-e-type=\"container\">\n\t\t\t\t\t<div class=\"e-con-inner\">\n\t\t\t\t<div class=\"elementor-element elementor-element-f9d9fcc elementor-widget elementor-widget-nuss-image-gallery\" data-id=\"f9d9fcc\" data-element_type=\"widget\" data-e-type=\"widget\" data-widget_type=\"nuss-image-gallery.default\">\n\t\t\t\t<div class=\"elementor-widget-container\">\n\t\t\t\t\t\t\t<div class=\"nuss-grid-wrapper\" data-grid=\"{&quot;type&quot;:&quot;grid&quot;,&quot;ratio&quot;:null,&quot;columns&quot;:3,&quot;gutter&quot;:30}\">\r\n\t\t\t<div class=\"nuss-grid lazy-grid\">\r\n\t\t\t\t<div class=\"grid-sizer\"><\/div>\r\n\r\n\t\t\t\t\t\t\t\t\t\t\t\t<div class=\"grid-item\">\r\n\t\t\t\t\t\t<div class=\"nuss-box\">\t\t<div class=\"nuss-image image\">\r\n\t\t\t<img decoding=\"async\"  src=\"https:\/\/maixingeboutiquehotel.com\/wp-content\/uploads\/2025\/09\/Maixinge-Boutique-Hotel-4.webp\" alt=\"Hotel boutique Maixinge (4)\" \/>\t\t<\/div>\r\n\t\t\t\t<\/div>\t\t\t\t\t<\/div>\r\n\t\t\t\t\t\t<div class=\"grid-item\">\r\n\t\t\t\t\t\t<div class=\"nuss-box\">\t\t<div class=\"nuss-image image\">\r\n\t\t\t<img decoding=\"async\"  src=\"https:\/\/maixingeboutiquehotel.com\/wp-content\/uploads\/2025\/09\/Maixinge-Boutique-Hotel-3.webp\" alt=\"Hotel boutique Maixinge (3)\" \/>\t\t<\/div>\r\n\t\t\t\t<\/div>\t\t\t\t\t<\/div>\r\n\t\t\t\t\t\t<div class=\"grid-item\">\r\n\t\t\t\t\t\t<div class=\"nuss-box\">\t\t<div class=\"nuss-image image\">\r\n\t\t\t<img decoding=\"async\"  src=\"https:\/\/maixingeboutiquehotel.com\/wp-content\/uploads\/2025\/09\/Maixinge-Boutique-Hotel-2.webp\" alt=\"Hotel boutique Maixinge (2)\" \/>\t\t<\/div>\r\n\t\t\t\t<\/div>\t\t\t\t\t<\/div>\r\n\t\t\t\t\t\t<div class=\"grid-item\">\r\n\t\t\t\t\t\t<div class=\"nuss-box\">\t\t<div class=\"nuss-image image\">\r\n\t\t\t<img decoding=\"async\"  src=\"https:\/\/maixingeboutiquehotel.com\/wp-content\/uploads\/2025\/09\/Maixinge-Boutique-Hotel-1.webp\" alt=\"Hotel boutique Maixinge (1)\" \/>\t\t<\/div>\r\n\t\t\t\t<\/div>\t\t\t\t\t<\/div>\r\n\t\t\t\t\t\t<div class=\"grid-item\">\r\n\t\t\t\t\t\t<div class=\"nuss-box\">\t\t<div class=\"nuss-image image\">\r\n\t\t\t<img decoding=\"async\"  src=\"https:\/\/maixingeboutiquehotel.com\/wp-content\/uploads\/2025\/09\/Maixinge-Boutique-Hotel-82.webp\" alt=\"Hotel boutique Maixinge (82)\" \/>\t\t<\/div>\r\n\t\t\t\t<\/div>\t\t\t\t\t<\/div>\r\n\t\t\t\t\t\t<div class=\"grid-item\">\r\n\t\t\t\t\t\t<div class=\"nuss-box\">\t\t<div class=\"nuss-image image\">\r\n\t\t\t<img decoding=\"async\"  src=\"https:\/\/maixingeboutiquehotel.com\/wp-content\/uploads\/2025\/09\/Maixinge-Boutique-Hotel-81.webp\" alt=\"Hotel boutique Maixinge (81)\" \/>\t\t<\/div>\r\n\t\t\t\t<\/div>\t\t\t\t\t<\/div>\r\n\t\t\t\t\t\t<div class=\"grid-item\">\r\n\t\t\t\t\t\t<div class=\"nuss-box\">\t\t<div class=\"nuss-image image\">\r\n\t\t\t<img decoding=\"async\"  src=\"https:\/\/maixingeboutiquehotel.com\/wp-content\/uploads\/2025\/09\/Maixinge-Boutique-Hotel-78.webp\" alt=\"Hotel boutique Maixinge (78)\" \/>\t\t<\/div>\r\n\t\t\t\t<\/div>\t\t\t\t\t<\/div>\r\n\t\t\t\t\t\t<div class=\"grid-item\">\r\n\t\t\t\t\t\t<div class=\"nuss-box\">\t\t<div class=\"nuss-image image\">\r\n\t\t\t<img decoding=\"async\"  src=\"https:\/\/maixingeboutiquehotel.com\/wp-content\/uploads\/2025\/09\/Maixinge-Boutique-Hotel-73.webp\" alt=\"Hotel boutique Maixinge (73)\" \/>\t\t<\/div>\r\n\t\t\t\t<\/div>\t\t\t\t\t<\/div>\r\n\t\t\t\t\t\t<div class=\"grid-item\">\r\n\t\t\t\t\t\t<div class=\"nuss-box\">\t\t<div class=\"nuss-image image\">\r\n\t\t\t<img decoding=\"async\"  src=\"https:\/\/maixingeboutiquehotel.com\/wp-content\/uploads\/2025\/09\/Maixinge-Boutique-Hotel-7.webp\" alt=\"Hotel boutique Maixinge (7)\" \/>\t\t<\/div>\r\n\t\t\t\t<\/div>\t\t\t\t\t<\/div>\r\n\t\t\t\t\t\t\t\r\n\t\t\t<\/div>\r\n\t\t<\/div>\r\n\t\t\t\t\t\t<\/div>\n\t\t\t\t<\/div>\n\t\t\t\t\t<\/div>\n\t\t\t\t<\/div>\n\t\t<div class=\"elementor-element elementor-element-764955e e-flex e-con-boxed e-con e-parent\" data-id=\"764955e\" data-element_type=\"container\" data-e-type=\"container\">\n\t\t\t\t\t<div class=\"e-con-inner\">\n\t\t<div class=\"elementor-element elementor-element-3a71d84 e-con-full e-flex e-con e-child\" data-id=\"3a71d84\" data-element_type=\"container\" data-e-type=\"container\">\n\t\t\t\t<div class=\"elementor-element elementor-element-81a00fb elementor-widget elementor-widget-text-editor\" data-id=\"81a00fb\" data-element_type=\"widget\" data-e-type=\"widget\" data-widget_type=\"text-editor.default\">\n\t\t\t\t\t\t\t\t\t<p>En el Hotel Boutique Maixinge, ubicado en el n.\u00b0 168 de la calle Yuanshen, en la Nueva Zona de Pudong, creemos que comer debe ser una experiencia que perdure, mucho despu\u00e9s del \u00faltimo bocado. Yun Ting encarna esta filosof\u00eda con un men\u00fa elaborado por la galardonada chef Mei Lin, quien se inspira en sus ra\u00edces shanghainesas y abraza la elegancia de las t\u00e9cnicas internacionales. Aqu\u00ed, los sabores cl\u00e1sicos se reinventan con reverencia: delicados <em>xiaolongbao<\/em> Infusionado con trufa negra y caldo de soja a\u00f1ejo, este suculento pato, glaseado con miel silvestre de monta\u00f1a y frijoles negros fermentados, se asa lentamente a la perfecci\u00f3n y se sirve con hierbas recolectadas a mano de la regi\u00f3n de Jiangnan. Cada plato es un lienzo \u2014minimalista, equilibrado y de una belleza deslumbrante\u2014 dise\u00f1ado para despertar la conciencia, no para abrumar.<\/p>\t\t\t\t\t\t\t\t<\/div>\n\t\t\t\t<\/div>\n\t\t<div class=\"elementor-element elementor-element-bb76a06 e-con-full e-flex e-con e-child\" data-id=\"bb76a06\" data-element_type=\"container\" data-e-type=\"container\">\n\t\t\t\t<div class=\"elementor-element elementor-element-636ac5f elementor-widget elementor-widget-image\" data-id=\"636ac5f\" data-element_type=\"widget\" data-e-type=\"widget\" data-widget_type=\"image.default\">\n\t\t\t\t\t\t\t\t\t\t\t\t\t\t\t<img fetchpriority=\"high\" decoding=\"async\" width=\"1024\" height=\"682\" src=\"https:\/\/maixingeboutiquehotel.com\/wp-content\/uploads\/2025\/09\/Maixinge-Boutique-Hotel-31-1024x682.webp\" class=\"attachment-large size-large wp-image-6380\" alt=\"\" srcset=\"https:\/\/maixingeboutiquehotel.com\/wp-content\/uploads\/2025\/09\/Maixinge-Boutique-Hotel-31-1024x682.webp 1024w, https:\/\/maixingeboutiquehotel.com\/wp-content\/uploads\/2025\/09\/Maixinge-Boutique-Hotel-31-300x200.webp 300w, https:\/\/maixingeboutiquehotel.com\/wp-content\/uploads\/2025\/09\/Maixinge-Boutique-Hotel-31-768x512.webp 768w, https:\/\/maixingeboutiquehotel.com\/wp-content\/uploads\/2025\/09\/Maixinge-Boutique-Hotel-31-18x12.webp 18w, https:\/\/maixingeboutiquehotel.com\/wp-content\/uploads\/2025\/09\/Maixinge-Boutique-Hotel-31.webp 1280w\" sizes=\"(max-width: 1024px) 100vw, 1024px\" \/>\t\t\t\t\t\t\t\t\t\t\t\t\t\t\t<\/div>\n\t\t\t\t<\/div>\n\t\t\t\t\t<\/div>\n\t\t\t\t<\/div>\n\t\t<div class=\"elementor-element elementor-element-d05381b e-flex e-con-boxed e-con e-parent\" data-id=\"d05381b\" data-element_type=\"container\" data-e-type=\"container\">\n\t\t\t\t\t<div class=\"e-con-inner\">\n\t\t\t\t<div class=\"elementor-element elementor-element-53bd849 elementor-widget elementor-widget-text-editor\" data-id=\"53bd849\" data-element_type=\"widget\" data-e-type=\"widget\" data-widget_type=\"text-editor.default\">\n\t\t\t\t\t\t\t\t\t<p data-spm-anchor-id=\"a2ty_o01.29997173.0.i97.7a2fc921UiLjdY\">El desayuno en Yun Ting es un ritual de bienestar y descubrimiento. Los hu\u00e9spedes se despiertan con el aroma del caf\u00e9 reci\u00e9n hecho. <em>jianbing<\/em> Crepas, leche de soja casera con jengibre, huevos org\u00e1nicos de gallinas camperas cocinados al momento y frutas de temporada procedentes de mercados agr\u00edcolas locales. Acompa\u00f1adas de t\u00e9s artesanales \u2014oolongs de origen \u00fanico en ollas de barro o infusiones fr\u00edas con jazm\u00edn\u2014, la ma\u00f1ana aqu\u00ed se siente menos como una comida y m\u00e1s como un suave despertar de los sentidos.<\/p><div class=\"my-2\">\u00a0<\/div><p>Al caer la noche, el espacio se transforma. Los ventanales enmarcan la resplandeciente cascada del r\u00edo Huangpu y la ic\u00f3nica silueta de la Torre de la Perla Oriental, convirtiendo el comedor en un luminoso teatro de luz. El jazz suave y las melod\u00edas tradicionales del guzheng se mezclan suavemente de fondo mientras los comensales saborean c\u00f3cteles de autor elaborados con bot\u00e1nicos chinos: piensen en la ginebra con infusi\u00f3n de yuzu y jarabe de ciruela ahumada, o en un &quot;Bund Breeze&quot; elaborado con baijiu a\u00f1ejo y flor de lichi. Nuestra carta de vinos, cuidadosamente seleccionada de vi\u00f1edos boutique de China y Europa, complementa cada plato con una armon\u00eda exquisita.<\/p><div class=\"my-2\">\u00a0<\/div><p>Lo que distingue a Yun Ting es su intimidad. Con solo 24 asientos, las reservas son un lujo, no un lujo. Nuestros camareros saben tu nombre, tu intensidad de t\u00e9 preferida y si prefieres los dumplings con vinagre o aceite de chile. No hay men\u00fas impresos; en cambio, nuestros chefs presentan cada plato con una narrativa personal, compartiendo el origen de los ingredientes, la historia de la t\u00e9cnica y el recuerdo que evoca.<\/p><div class=\"my-2\">\u00a0<\/div><p>Ya sea un viajero de negocios que busca una velada refinada lejos de las cenas corporativas, una pareja celebrando un aniversario bajo las luces de la ciudad o un amante de la gastronom\u00eda que busca la autenticidad m\u00e1s all\u00e1 de las trampas para turistas, Yun Ting ofrece m\u00e1s que gastronom\u00eda: ofrece conexi\u00f3n. Un lugar donde el alma de Shangh\u00e1i se sirve no con grandeza, sino con gracia.<\/p><div class=\"my-2\">\u00a0<\/div><p>Ven por las vistas. Qu\u00e9date por el silencio entre bocados.<br \/>V\u00e1yase con una nueva comprensi\u00f3n de lo que sabe la verdadera hospitalidad.<\/p><div class=\"my-2\">\u00a0<\/div><p data-spm-anchor-id=\"a2ty_o01.29997173.0.i98.7a2fc921UiLjdY\"><strong>Yun Ting \u2014 Donde el sabor encuentra la quietud.<\/strong><br \/>Abierto todos los d\u00edas para desayuno (6:30 a. m. a 10:30 a. m.) y cena (5:30 p. m. a 10:30 p. m.).<br \/>Se recomienda reservar. Ubicado en el Hotel Boutique Maixinge, n.\u00b0 168, Yuanshen Road, Pudong, Shangh\u00e1i 200120.<\/p>\t\t\t\t\t\t\t\t<\/div>\n\t\t\t\t\t<\/div>\n\t\t\t\t<\/div>\n\t\t\t\t<section class=\"elementor-section elementor-top-section elementor-element elementor-element-7691a86b elementor-section-stretched elementor-section-boxed elementor-section-gap-beside-yes elementor-section-height-default elementor-section-height-default elementor-section-column-vertical-align-stretch\" data-id=\"7691a86b\" data-element_type=\"section\" data-e-type=\"section\" data-settings=\"{&quot;background_background&quot;:&quot;classic&quot;,&quot;stretch_section&quot;:&quot;section-stretched&quot;}\">\n\t\t\t\t\t\t<div class=\"elementor-container elementor-column-gap-extended\">\n\t\t\t\t\t<div class=\"elementor-column elementor-col-100 elementor-top-column elementor-element elementor-element-1bcb323e\" data-id=\"1bcb323e\" data-element_type=\"column\" data-e-type=\"column\">\n\t\t\t<div class=\"elementor-widget-wrap elementor-element-populated\">\n\t\t\t\t\t\t<div class=\"elementor-element elementor-element-509b8846 elementor-widget elementor-widget-nuss-heading\" data-id=\"509b8846\" data-element_type=\"widget\" data-e-type=\"widget\" data-widget_type=\"nuss-heading.default\">\n\t\t\t\t<div class=\"elementor-widget-container\">\n\t\t\t\t\t\t\t<div class=\"nuss-modern-heading\">\r\n\t\t\t\t\t\t<div class=\"heading-secondary-wrap\">\r\n\t\t\t\t<h3 class=\"heading-secondary elementor-heading-title\">Consultar disponibilidad <\/h3>\t\t\t<\/div>\r\n\t\t\r\n\t\t\t\r\n\t\t\t\r\n\t\t\t\t\t<\/div>\r\n\t\t\t\t\t<\/div>\n\t\t\t\t<\/div>\n\t\t\t\t<div class=\"elementor-element elementor-element-39c33291 elementor-widget elementor-widget-text-editor\" data-id=\"39c33291\" data-element_type=\"widget\" data-e-type=\"widget\" data-widget_type=\"text-editor.default\">\n\t\t\t\t\t\t\t\t\t<iframe border=\"0\" src=\"https:\/\/www.trip.com\/partners\/ad\/S5424295?Allianceid=4590391&#038;SID=259979126&#038;trip_sub1=\" style=\"width:1200px;height:200px\" frameborder=\"0\" scrolling=\"no\" id=\"S5424295\"><\/iframe>\t\t\t\t\t\t\t\t<\/div>\n\t\t\t\t\t<\/div>\n\t\t<\/div>\n\t\t\t\t\t<\/div>\n\t\t<\/section>\n\t\t\t\t<\/div>","protected":false},"excerpt":{"rendered":"<p>Nestled within the soaring skyline of Shanghai\u2019s Lujiazui financial district, yet removed from the rush and roar of the city below, Yun Ting \u2014 The Cloud Veranda \u2014 is not merely a restaurant. It is an intimate culinary sanctuary where tradition meets quiet innovation, and every dish tells a story whispered through scent, texture, and [&hellip;]<\/p>\n","protected":false},"author":1,"featured_media":0,"parent":0,"menu_order":0,"comment_status":"closed","ping_status":"closed","template":"","meta":{"footnotes":""},"class_list":["post-612","page","type-page","status-publish","hentry","post-no-thumbnail"],"_links":{"self":[{"href":"https:\/\/maixingeboutiquehotel.com\/es\/wp-json\/wp\/v2\/pages\/612","targetHints":{"allow":["GET"]}}],"collection":[{"href":"https:\/\/maixingeboutiquehotel.com\/es\/wp-json\/wp\/v2\/pages"}],"about":[{"href":"https:\/\/maixingeboutiquehotel.com\/es\/wp-json\/wp\/v2\/types\/page"}],"author":[{"embeddable":true,"href":"https:\/\/maixingeboutiquehotel.com\/es\/wp-json\/wp\/v2\/users\/1"}],"replies":[{"embeddable":true,"href":"https:\/\/maixingeboutiquehotel.com\/es\/wp-json\/wp\/v2\/comments?post=612"}],"version-history":[{"count":0,"href":"https:\/\/maixingeboutiquehotel.com\/es\/wp-json\/wp\/v2\/pages\/612\/revisions"}],"wp:attachment":[{"href":"https:\/\/maixingeboutiquehotel.com\/es\/wp-json\/wp\/v2\/media?parent=612"}],"curies":[{"name":"wp","href":"https:\/\/api.w.org\/{rel}","templated":true}]}}