{"id":647,"date":"2021-03-29T02:13:52","date_gmt":"2021-03-29T02:13:52","guid":{"rendered":"http:\/\/localhost\/nuss\/?page_id=647"},"modified":"2025-09-17T08:56:11","modified_gmt":"2025-09-17T08:56:11","slug":"dienstleistungen","status":"publish","type":"page","link":"https:\/\/maixingeboutiquehotel.com\/de\/dienstleistungen\/","title":{"rendered":"Leistungen"},"content":{"rendered":"<div data-elementor-type=\"wp-page\" data-elementor-id=\"647\" class=\"elementor elementor-647\">\n\t\t\t\t\t\t<section class=\"elementor-section elementor-top-section elementor-element elementor-element-3353bc8 elementor-section-boxed elementor-section-gap-beside-yes elementor-section-height-default elementor-section-height-default elementor-section-column-vertical-align-stretch\" data-id=\"3353bc8\" data-element_type=\"section\" data-e-type=\"section\">\n\t\t\t\t\t\t<div class=\"elementor-container elementor-column-gap-extended\">\n\t\t\t\t\t<div class=\"elementor-column elementor-col-100 elementor-top-column elementor-element elementor-element-0a2bc64\" data-id=\"0a2bc64\" data-element_type=\"column\" data-e-type=\"column\">\n\t\t\t<div class=\"elementor-widget-wrap elementor-element-populated\">\n\t\t\t\t\t\t<div class=\"elementor-element elementor-element-447e3ef elementor-widget__width-initial elementor-invisible elementor-widget elementor-widget-text-editor\" data-id=\"447e3ef\" data-element_type=\"widget\" data-e-type=\"widget\" data-settings=\"{&quot;_animation&quot;:&quot;nussFadeInUp&quot;}\" data-widget_type=\"text-editor.default\">\n\t\t\t\t\t\t\t\t\t<p>Im Maixinge Boutique Hotel sind Serviceleistungen keine Checkliste \u2013 sie sind eine stille Sprache, die sich in Gesten, Vorfreude und tiefer Aufmerksamkeit ausdr\u00fcckt.<\/p>\t\t\t\t\t\t\t\t<\/div>\n\t\t\t\t\t<\/div>\n\t\t<\/div>\n\t\t\t\t\t<\/div>\n\t\t<\/section>\n\t\t<div class=\"elementor-element elementor-element-dc990bc e-flex e-con-boxed e-con e-parent\" data-id=\"dc990bc\" data-element_type=\"container\" data-e-type=\"container\">\n\t\t\t\t\t<div class=\"e-con-inner\">\n\t\t\t\t<div class=\"elementor-element elementor-element-16e5d25 elementor-widget elementor-widget-nuss-image-gallery\" data-id=\"16e5d25\" data-element_type=\"widget\" data-e-type=\"widget\" data-widget_type=\"nuss-image-gallery.default\">\n\t\t\t\t<div class=\"elementor-widget-container\">\n\t\t\t\t\t\t\t<div class=\"nuss-grid-wrapper\" data-grid=\"{&quot;type&quot;:&quot;grid&quot;,&quot;ratio&quot;:null,&quot;columns&quot;:3,&quot;gutter&quot;:30}\">\r\n\t\t\t<div class=\"nuss-grid lazy-grid\">\r\n\t\t\t\t<div class=\"grid-sizer\"><\/div>\r\n\r\n\t\t\t\t\t\t\t\t\t\t\t\t<div class=\"grid-item\">\r\n\t\t\t\t\t\t<div class=\"nuss-box\">\t\t<div class=\"nuss-image image\">\r\n\t\t\t<img decoding=\"async\"  src=\"https:\/\/maixingeboutiquehotel.com\/wp-content\/uploads\/2025\/09\/Maixinge-Boutique-Hotel-18.webp\" alt=\"Maixinge Boutique Hotel (18)\" \/>\t\t<\/div>\r\n\t\t\t\t<\/div>\t\t\t\t\t<\/div>\r\n\t\t\t\t\t\t<div class=\"grid-item\">\r\n\t\t\t\t\t\t<div class=\"nuss-box\">\t\t<div class=\"nuss-image image\">\r\n\t\t\t<img decoding=\"async\"  src=\"https:\/\/maixingeboutiquehotel.com\/wp-content\/uploads\/2025\/09\/Maixinge-Boutique-Hotel-16.webp\" alt=\"Maixinge Boutique Hotel (16)\" \/>\t\t<\/div>\r\n\t\t\t\t<\/div>\t\t\t\t\t<\/div>\r\n\t\t\t\t\t\t<div class=\"grid-item\">\r\n\t\t\t\t\t\t<div class=\"nuss-box\">\t\t<div class=\"nuss-image image\">\r\n\t\t\t<img decoding=\"async\"  src=\"https:\/\/maixingeboutiquehotel.com\/wp-content\/uploads\/2025\/09\/Maixinge-Boutique-Hotel-14.webp\" alt=\"Maixinge Boutique Hotel (14)\" \/>\t\t<\/div>\r\n\t\t\t\t<\/div>\t\t\t\t\t<\/div>\r\n\t\t\t\t\t\t<div class=\"grid-item\">\r\n\t\t\t\t\t\t<div class=\"nuss-box\">\t\t<div class=\"nuss-image image\">\r\n\t\t\t<img decoding=\"async\"  src=\"https:\/\/maixingeboutiquehotel.com\/wp-content\/uploads\/2025\/09\/Maixinge-Boutique-Hotel-6.webp\" alt=\"Maixinge Boutique Hotel (6)\" \/>\t\t<\/div>\r\n\t\t\t\t<\/div>\t\t\t\t\t<\/div>\r\n\t\t\t\t\t\t<div class=\"grid-item\">\r\n\t\t\t\t\t\t<div class=\"nuss-box\">\t\t<div class=\"nuss-image image\">\r\n\t\t\t<img decoding=\"async\"  src=\"https:\/\/maixingeboutiquehotel.com\/wp-content\/uploads\/2025\/09\/Maixinge-Boutique-Hotel-61.webp\" alt=\"Maixinge Boutique Hotel (61)\" \/>\t\t<\/div>\r\n\t\t\t\t<\/div>\t\t\t\t\t<\/div>\r\n\t\t\t\t\t\t<div class=\"grid-item\">\r\n\t\t\t\t\t\t<div class=\"nuss-box\">\t\t<div class=\"nuss-image image\">\r\n\t\t\t<img decoding=\"async\"  src=\"https:\/\/maixingeboutiquehotel.com\/wp-content\/uploads\/2025\/09\/Maixinge-Boutique-Hotel-36.webp\" alt=\"Maixinge Boutique Hotel (36)\" \/>\t\t<\/div>\r\n\t\t\t\t<\/div>\t\t\t\t\t<\/div>\r\n\t\t\t\t\t\t<div class=\"grid-item\">\r\n\t\t\t\t\t\t<div class=\"nuss-box\">\t\t<div class=\"nuss-image image\">\r\n\t\t\t<img decoding=\"async\"  src=\"https:\/\/maixingeboutiquehotel.com\/wp-content\/uploads\/2025\/09\/Maixinge-Boutique-Hotel-76.webp\" alt=\"Maixinge Boutique Hotel (76)\" \/>\t\t<\/div>\r\n\t\t\t\t<\/div>\t\t\t\t\t<\/div>\r\n\t\t\t\t\t\t<div class=\"grid-item\">\r\n\t\t\t\t\t\t<div class=\"nuss-box\">\t\t<div class=\"nuss-image image\">\r\n\t\t\t<img decoding=\"async\"  src=\"https:\/\/maixingeboutiquehotel.com\/wp-content\/uploads\/2025\/09\/Maixinge-Boutique-Hotel-34.webp\" alt=\"Maixinge Boutique Hotel (34)\" \/>\t\t<\/div>\r\n\t\t\t\t<\/div>\t\t\t\t\t<\/div>\r\n\t\t\t\t\t\t<div class=\"grid-item\">\r\n\t\t\t\t\t\t<div class=\"nuss-box\">\t\t<div class=\"nuss-image image\">\r\n\t\t\t<img decoding=\"async\"  src=\"https:\/\/maixingeboutiquehotel.com\/wp-content\/uploads\/2025\/09\/Maixinge-Boutique-Hotel-38.webp\" alt=\"Maixinge Boutique Hotel (38)\" \/>\t\t<\/div>\r\n\t\t\t\t<\/div>\t\t\t\t\t<\/div>\r\n\t\t\t\t\t\t<div class=\"grid-item\">\r\n\t\t\t\t\t\t<div class=\"nuss-box\">\t\t<div class=\"nuss-image image\">\r\n\t\t\t<img decoding=\"async\"  src=\"https:\/\/maixingeboutiquehotel.com\/wp-content\/uploads\/2025\/09\/Maixinge-Boutique-Hotel-39.webp\" alt=\"Maixinge Boutique Hotel (39)\" \/>\t\t<\/div>\r\n\t\t\t\t<\/div>\t\t\t\t\t<\/div>\r\n\t\t\t\t\t\t<div class=\"grid-item\">\r\n\t\t\t\t\t\t<div class=\"nuss-box\">\t\t<div class=\"nuss-image image\">\r\n\t\t\t<img decoding=\"async\"  src=\"https:\/\/maixingeboutiquehotel.com\/wp-content\/uploads\/2025\/09\/Maixinge-Boutique-Hotel-52.webp\" alt=\"Maixinge Boutique Hotel (52)\" \/>\t\t<\/div>\r\n\t\t\t\t<\/div>\t\t\t\t\t<\/div>\r\n\t\t\t\t\t\t\t\r\n\t\t\t<\/div>\r\n\t\t<\/div>\r\n\t\t\t\t\t\t<\/div>\n\t\t\t\t<\/div>\n\t\t\t\t\t<\/div>\n\t\t\t\t<\/div>\n\t\t<div class=\"elementor-element elementor-element-76953f7 e-flex e-con-boxed e-con e-parent\" data-id=\"76953f7\" data-element_type=\"container\" data-e-type=\"container\">\n\t\t\t\t\t<div class=\"e-con-inner\">\n\t\t\t\t<div class=\"elementor-element elementor-element-2f32cd6 elementor-widget elementor-widget-text-editor\" data-id=\"2f32cd6\" data-element_type=\"widget\" data-e-type=\"widget\" data-widget_type=\"text-editor.default\">\n\t\t\t\t\t\t\t\t\t<p data-spm-anchor-id=\"a2ty_o01.29997173.0.i103.7a2fc921UiLjdY\">Unser Servicekonzept beginnt mit Stille. Bei uns gibt es keine \u00fcbereifrigen Hotelpagen oder aufdringliches Personal. Stattdessen agiert unser Team mit der Pr\u00e4zision choreografierter Ruhe \u2013 beobachtend, lauschend, intuitiv. Vom Moment Ihrer Ankunft an, ob mit dem privaten Transfer vom Flughafen Pudong (kostenlos f\u00fcr alle G\u00e4ste) oder \u00fcber die nahegelegene Metrostation Lujiazui, werden Sie nicht mit einem Klemmbrett, sondern mit einer handgeschriebenen Notiz, einem gek\u00fchlten, mit Lavendelduft getr\u00e4nkten Handtuch und der sanften Gewissheit begr\u00fc\u00dft, dass Ihre Zeit hier Ihnen geh\u00f6rt.<\/p><div class=\"my-2\">\u00a0<\/div><p>Jedes Detail ist auf emotionale Wirkung und nicht auf Bequemlichkeit ausgerichtet. Mitternachtstee ist keine Annehmlichkeit \u2013 er ist eine Einladung zum Innehalten. Eine handgeschriebene Speisekarte mit versteckten Shanghaier Restaurants erscheint auf Ihrem Kopfkissen, sorgf\u00e4ltig ausgew\u00e4hlt nach Ihren W\u00fcnschen: vielleicht ein jahrhundertealter Nudelstand hinter dem Bund oder ein Teehaus, in dem Meisterbr\u00fcher gereiften Pu-Erh in Tonkannen ausschenken. Unser Concierge reserviert keine Tische \u2013 er kreiert Erinnerungen. W\u00fcnschen Sie sich ein privates Abendessen unter dem Sternenhimmel? Wir arrangieren es auf unserer Dachterrasse mit Laternen, Live-Guzheng-Musik und Gerichten, die unser K\u00fcchenchef eigens f\u00fcr Sie zubereitet.<\/p><div class=\"my-2\">\u00a0<\/div><p>F\u00fcr Gesch\u00e4ftsreisende bedeutet Service absolute Unabh\u00e4ngigkeit. Unsere Executive Boardroom Suite bietet mehr als nur AV-Technik \u2013 sie ist ein Ort der Ruhe und Entspannung. Mit 8K-Videokonferenzen, Echtzeit-\u00dcbersetzungsunterst\u00fctzung und einer speziellen \u201cRuhezeit\u201d (keine St\u00f6rungen, au\u00dfer auf Wunsch) werden Meetings zu Orten der Klarheit, nicht des Chaos. Ben\u00f6tigen Sie Dokumente vor Tagesanbruch ausgedruckt? Ihre Assistenz kommt mit den Dateien, frisch gebr\u00fchtem Kaffee und ohne gro\u00dfes Aufsehen \u2013 denn wahre Professionalit\u00e4t wei\u00df, wann sie sich zur\u00fcckziehen muss.<\/p><div class=\"my-2\">\u00a0<\/div><p>Wellness ist fester Bestandteil unserer Servicephilosophie. Die Yoga-Terrasse auf dem Dach \u00f6ffnet bei Sonnenaufgang, aber Sie werden dort keinen festen Zeitplan finden. Stattdessen erwartet Sie ein Yogakissen und eine auf Ihren Meditationsstil abgestimmte Playlist \u2013 ausgew\u00e4hlt nach einem kurzen Gespr\u00e4ch beim Check-in. Auf unserem Tablet im Zimmer finden Sie angeleitete Atem\u00fcbungen, die sanften Kl\u00e4nge des Huangpu-Flusses in der Abendd\u00e4mmerung und sogar ein digitales Tagebuch, in dem Sie Ihre Gedanken festhalten k\u00f6nnen. Auf Wunsch liest unser Team diese und antwortet mit einem pers\u00f6nlichen Gedicht oder einer Teeempfehlung.<\/p><div class=\"my-2\">\u00a0<\/div><p>Selbst die kleinsten Gesten zeugen von Hingabe. Wenn Sie Ihren Bademantel nach dem Baden offen lassen, wird er sorgf\u00e4ltig zusammengefaltet \u2013 nicht vom Reinigungspersonal, sondern von derselben Angestellten, die bemerkt hat, dass Sie l\u00e4nger gearbeitet haben. \u00c4u\u00dfert man den Wunsch nach Kindheitserinnerungen, erh\u00e4lt man am n\u00e4chsten Morgen eine Schachtel handgemachter Sesambonbons, in Reispapier gewickelt. Der Service hier folgt nicht starren Regeln, sondern pers\u00f6nlicher Aufmerksamkeit.<\/p><div class=\"my-2\">\u00a0<\/div><p>Wir schulen unsere Mitarbeiter nicht darin, Service einfach nur zu \u201cerbringen\u201d. Wir laden sie ein, ihn zu verk\u00f6rpern \u2013 zu verstehen, dass Luxus nicht in vergoldeten Wasserh\u00e4hnen oder Marmorb\u00f6den liegt, sondern darin, wahrgenommen zu werden. Darin zu wissen, dass Sie Ihren Espresso mit einem Schuss Hafermilch bevorzugen oder dass Sie das Fenster nur einen Spalt breit ge\u00f6ffnet lassen m\u00f6chten, um das ferne Summen der Stadt zu h\u00f6ren, nicht ihren L\u00e4rm. Dass Sie Freiraum brauchen, nicht Aufmerksamkeit.<\/p><div class=\"my-2\">\u00a0<\/div><p>Und bei Ihrer Abreise? Sie erhalten keine Quittung. Stattdessen erhalten Sie ein kleines, handgebundenes B\u00fcchlein \u2013 Seiten gef\u00fcllt mit Fotografien Ihrer Lieblingsaussicht, Zitaten aus B\u00fcchern, die Sie bewundert haben, und einer abschlie\u00dfenden Nachricht Ihres Gastgebers: <em>\u201cVielen Dank, dass wir Ihr ruhiger Hafen in Shanghai sein d\u00fcrfen.\u201d<\/em><\/p><div class=\"my-2\">\u00a0<\/div><p data-spm-anchor-id=\"a2ty_o01.29997173.0.i104.7a2fc921UiLjdY\">Maixinges Dienste werden nicht angeboten \u2013 sie werden geschenkt.<br \/>Denn in einer Welt, die nach Ihrer Aufmerksamkeit schreit, haben wir uns entschieden zu fl\u00fcstern \u2013<br \/>Und in diesem Fl\u00fcstern fandest du dich selbst wieder.<\/p>\t\t\t\t\t\t\t\t<\/div>\n\t\t\t\t\t<\/div>\n\t\t\t\t<\/div>\n\t\t\t\t<section class=\"elementor-section elementor-top-section elementor-element elementor-element-58b0cff1 elementor-section-stretched elementor-section-boxed elementor-section-gap-beside-yes elementor-section-height-default elementor-section-height-default elementor-section-column-vertical-align-stretch\" data-id=\"58b0cff1\" data-element_type=\"section\" data-e-type=\"section\" data-settings=\"{&quot;background_background&quot;:&quot;classic&quot;,&quot;stretch_section&quot;:&quot;section-stretched&quot;}\">\n\t\t\t\t\t\t<div class=\"elementor-container elementor-column-gap-extended\">\n\t\t\t\t\t<div class=\"elementor-column elementor-col-100 elementor-top-column elementor-element elementor-element-201b378\" data-id=\"201b378\" data-element_type=\"column\" data-e-type=\"column\">\n\t\t\t<div class=\"elementor-widget-wrap elementor-element-populated\">\n\t\t\t\t\t\t<div class=\"elementor-element elementor-element-4ef4d879 elementor-widget elementor-widget-nuss-heading\" data-id=\"4ef4d879\" data-element_type=\"widget\" data-e-type=\"widget\" data-widget_type=\"nuss-heading.default\">\n\t\t\t\t<div class=\"elementor-widget-container\">\n\t\t\t\t\t\t\t<div class=\"nuss-modern-heading\">\r\n\t\t\t\t\t\t<div class=\"heading-secondary-wrap\">\r\n\t\t\t\t<h3 class=\"heading-secondary elementor-heading-title\">Verf\u00fcgbarkeit pr\u00fcfen <\/h3>\t\t\t<\/div>\r\n\t\t\r\n\t\t\t\r\n\t\t\t\r\n\t\t\t\t\t<\/div>\r\n\t\t\t\t\t<\/div>\n\t\t\t\t<\/div>\n\t\t\t\t<div class=\"elementor-element elementor-element-59f4663c elementor-widget elementor-widget-text-editor\" data-id=\"59f4663c\" data-element_type=\"widget\" data-e-type=\"widget\" data-widget_type=\"text-editor.default\">\n\t\t\t\t\t\t\t\t\t<iframe border=\"0\" src=\"https:\/\/www.trip.com\/partners\/ad\/S5424295?Allianceid=4590391&#038;SID=259979126&#038;trip_sub1=\" style=\"width:1200px;height:200px\" frameborder=\"0\" scrolling=\"no\" id=\"S5424295\"><\/iframe>\t\t\t\t\t\t\t\t<\/div>\n\t\t\t\t\t<\/div>\n\t\t<\/div>\n\t\t\t\t\t<\/div>\n\t\t<\/section>\n\t\t\t\t<\/div>","protected":false},"excerpt":{"rendered":"<p>At Maixinge Boutique Hotel, services are not a checklist \u2014 they are a quiet language, spoken in gestures, anticipation, and profound attentiveness. Our approach to service begins with silence. There are no overeager bellhops or intrusive staff. Instead, our team operates with the precision of choreographed stillness \u2014 observing, listening, intuiting. From the moment you [&hellip;]<\/p>\n","protected":false},"author":1,"featured_media":0,"parent":0,"menu_order":0,"comment_status":"closed","ping_status":"closed","template":"","meta":{"footnotes":""},"class_list":["post-647","page","type-page","status-publish","hentry","post-no-thumbnail"],"_links":{"self":[{"href":"https:\/\/maixingeboutiquehotel.com\/de\/wp-json\/wp\/v2\/pages\/647","targetHints":{"allow":["GET"]}}],"collection":[{"href":"https:\/\/maixingeboutiquehotel.com\/de\/wp-json\/wp\/v2\/pages"}],"about":[{"href":"https:\/\/maixingeboutiquehotel.com\/de\/wp-json\/wp\/v2\/types\/page"}],"author":[{"embeddable":true,"href":"https:\/\/maixingeboutiquehotel.com\/de\/wp-json\/wp\/v2\/users\/1"}],"replies":[{"embeddable":true,"href":"https:\/\/maixingeboutiquehotel.com\/de\/wp-json\/wp\/v2\/comments?post=647"}],"version-history":[{"count":0,"href":"https:\/\/maixingeboutiquehotel.com\/de\/wp-json\/wp\/v2\/pages\/647\/revisions"}],"wp:attachment":[{"href":"https:\/\/maixingeboutiquehotel.com\/de\/wp-json\/wp\/v2\/media?parent=647"}],"curies":[{"name":"wp","href":"https:\/\/api.w.org\/{rel}","templated":true}]}}