{"id":612,"date":"2021-03-26T10:04:13","date_gmt":"2021-03-26T10:04:13","guid":{"rendered":"http:\/\/localhost\/nuss\/?page_id=612"},"modified":"2025-09-17T08:51:00","modified_gmt":"2025-09-17T08:51:00","slug":"restaurant","status":"publish","type":"page","link":"https:\/\/maixingeboutiquehotel.com\/de\/restaurant\/","title":{"rendered":"Restaurant"},"content":{"rendered":"<div data-elementor-type=\"wp-page\" data-elementor-id=\"612\" class=\"elementor elementor-612\">\n\t\t\t\t\t\t<section class=\"elementor-section elementor-top-section elementor-element elementor-element-e2effe8 elementor-section-boxed elementor-section-gap-beside-yes elementor-section-height-default elementor-section-height-default elementor-section-column-vertical-align-stretch\" data-id=\"e2effe8\" data-element_type=\"section\" data-e-type=\"section\">\n\t\t\t\t\t\t<div class=\"elementor-container elementor-column-gap-extended\">\n\t\t\t\t\t<div class=\"elementor-column elementor-col-100 elementor-top-column elementor-element elementor-element-e18f688\" data-id=\"e18f688\" data-element_type=\"column\" data-e-type=\"column\">\n\t\t\t<div class=\"elementor-widget-wrap elementor-element-populated\">\n\t\t\t\t\t\t<div class=\"elementor-element elementor-element-6db146d elementor-widget__width-initial elementor-invisible elementor-widget elementor-widget-text-editor\" data-id=\"6db146d\" data-element_type=\"widget\" data-e-type=\"widget\" data-settings=\"{&quot;_animation&quot;:&quot;nussFadeInUp&quot;}\" data-widget_type=\"text-editor.default\">\n\t\t\t\t\t\t\t\t\t<p data-spm-anchor-id=\"a2ty_o01.29997173.0.i94.7a2fc921UiLjdY\">Eingebettet in die hoch aufragende Skyline des Shanghaier Finanzviertels Lujiazui und dennoch fernab vom Trubel und L\u00e4rm der Stadt, <strong>Yun Ting \u2013 Die Wolkenveranda<\/strong> \u2014 ist nicht nur ein Restaurant. Es ist ein intimes kulinarisches Refugium, in dem Tradition auf stille Innovation trifft und jedes Gericht eine Geschichte erz\u00e4hlt, die durch Duft, Textur und Seele gefl\u00fcstert wird.<\/p>\t\t\t\t\t\t\t\t<\/div>\n\t\t\t\t\t<\/div>\n\t\t<\/div>\n\t\t\t\t\t<\/div>\n\t\t<\/section>\n\t\t<div class=\"elementor-element elementor-element-f8d2952 e-flex e-con-boxed e-con e-parent\" data-id=\"f8d2952\" data-element_type=\"container\" data-e-type=\"container\">\n\t\t\t\t\t<div class=\"e-con-inner\">\n\t\t\t\t<div class=\"elementor-element elementor-element-f9d9fcc elementor-widget elementor-widget-nuss-image-gallery\" data-id=\"f9d9fcc\" data-element_type=\"widget\" data-e-type=\"widget\" data-widget_type=\"nuss-image-gallery.default\">\n\t\t\t\t<div class=\"elementor-widget-container\">\n\t\t\t\t\t\t\t<div class=\"nuss-grid-wrapper\" data-grid=\"{&quot;type&quot;:&quot;grid&quot;,&quot;ratio&quot;:null,&quot;columns&quot;:3,&quot;gutter&quot;:30}\">\r\n\t\t\t<div class=\"nuss-grid lazy-grid\">\r\n\t\t\t\t<div class=\"grid-sizer\"><\/div>\r\n\r\n\t\t\t\t\t\t\t\t\t\t\t\t<div class=\"grid-item\">\r\n\t\t\t\t\t\t<div class=\"nuss-box\">\t\t<div class=\"nuss-image image\">\r\n\t\t\t<img decoding=\"async\"  src=\"https:\/\/maixingeboutiquehotel.com\/wp-content\/uploads\/2025\/09\/Maixinge-Boutique-Hotel-4.webp\" alt=\"Maixinge Boutique Hotel (4)\" \/>\t\t<\/div>\r\n\t\t\t\t<\/div>\t\t\t\t\t<\/div>\r\n\t\t\t\t\t\t<div class=\"grid-item\">\r\n\t\t\t\t\t\t<div class=\"nuss-box\">\t\t<div class=\"nuss-image image\">\r\n\t\t\t<img decoding=\"async\"  src=\"https:\/\/maixingeboutiquehotel.com\/wp-content\/uploads\/2025\/09\/Maixinge-Boutique-Hotel-3.webp\" alt=\"Maixinge Boutique Hotel (3)\" \/>\t\t<\/div>\r\n\t\t\t\t<\/div>\t\t\t\t\t<\/div>\r\n\t\t\t\t\t\t<div class=\"grid-item\">\r\n\t\t\t\t\t\t<div class=\"nuss-box\">\t\t<div class=\"nuss-image image\">\r\n\t\t\t<img decoding=\"async\"  src=\"https:\/\/maixingeboutiquehotel.com\/wp-content\/uploads\/2025\/09\/Maixinge-Boutique-Hotel-2.webp\" alt=\"Maixinge Boutique Hotel (2)\" \/>\t\t<\/div>\r\n\t\t\t\t<\/div>\t\t\t\t\t<\/div>\r\n\t\t\t\t\t\t<div class=\"grid-item\">\r\n\t\t\t\t\t\t<div class=\"nuss-box\">\t\t<div class=\"nuss-image image\">\r\n\t\t\t<img decoding=\"async\"  src=\"https:\/\/maixingeboutiquehotel.com\/wp-content\/uploads\/2025\/09\/Maixinge-Boutique-Hotel-1.webp\" alt=\"Maixinge Boutique Hotel (1)\" \/>\t\t<\/div>\r\n\t\t\t\t<\/div>\t\t\t\t\t<\/div>\r\n\t\t\t\t\t\t<div class=\"grid-item\">\r\n\t\t\t\t\t\t<div class=\"nuss-box\">\t\t<div class=\"nuss-image image\">\r\n\t\t\t<img decoding=\"async\"  src=\"https:\/\/maixingeboutiquehotel.com\/wp-content\/uploads\/2025\/09\/Maixinge-Boutique-Hotel-82.webp\" alt=\"Maixinge Boutique Hotel (82)\" \/>\t\t<\/div>\r\n\t\t\t\t<\/div>\t\t\t\t\t<\/div>\r\n\t\t\t\t\t\t<div class=\"grid-item\">\r\n\t\t\t\t\t\t<div class=\"nuss-box\">\t\t<div class=\"nuss-image image\">\r\n\t\t\t<img decoding=\"async\"  src=\"https:\/\/maixingeboutiquehotel.com\/wp-content\/uploads\/2025\/09\/Maixinge-Boutique-Hotel-81.webp\" alt=\"Maixinge Boutique Hotel (81)\" \/>\t\t<\/div>\r\n\t\t\t\t<\/div>\t\t\t\t\t<\/div>\r\n\t\t\t\t\t\t<div class=\"grid-item\">\r\n\t\t\t\t\t\t<div class=\"nuss-box\">\t\t<div class=\"nuss-image image\">\r\n\t\t\t<img decoding=\"async\"  src=\"https:\/\/maixingeboutiquehotel.com\/wp-content\/uploads\/2025\/09\/Maixinge-Boutique-Hotel-78.webp\" alt=\"Maixinge Boutique Hotel (78)\" \/>\t\t<\/div>\r\n\t\t\t\t<\/div>\t\t\t\t\t<\/div>\r\n\t\t\t\t\t\t<div class=\"grid-item\">\r\n\t\t\t\t\t\t<div class=\"nuss-box\">\t\t<div class=\"nuss-image image\">\r\n\t\t\t<img decoding=\"async\"  src=\"https:\/\/maixingeboutiquehotel.com\/wp-content\/uploads\/2025\/09\/Maixinge-Boutique-Hotel-73.webp\" alt=\"Maixinge Boutique Hotel (73)\" \/>\t\t<\/div>\r\n\t\t\t\t<\/div>\t\t\t\t\t<\/div>\r\n\t\t\t\t\t\t<div class=\"grid-item\">\r\n\t\t\t\t\t\t<div class=\"nuss-box\">\t\t<div class=\"nuss-image image\">\r\n\t\t\t<img decoding=\"async\"  src=\"https:\/\/maixingeboutiquehotel.com\/wp-content\/uploads\/2025\/09\/Maixinge-Boutique-Hotel-7.webp\" alt=\"Maixinge Boutique Hotel (7)\" \/>\t\t<\/div>\r\n\t\t\t\t<\/div>\t\t\t\t\t<\/div>\r\n\t\t\t\t\t\t\t\r\n\t\t\t<\/div>\r\n\t\t<\/div>\r\n\t\t\t\t\t\t<\/div>\n\t\t\t\t<\/div>\n\t\t\t\t\t<\/div>\n\t\t\t\t<\/div>\n\t\t<div class=\"elementor-element elementor-element-764955e e-flex e-con-boxed e-con e-parent\" data-id=\"764955e\" data-element_type=\"container\" data-e-type=\"container\">\n\t\t\t\t\t<div class=\"e-con-inner\">\n\t\t<div class=\"elementor-element elementor-element-3a71d84 e-con-full e-flex e-con e-child\" data-id=\"3a71d84\" data-element_type=\"container\" data-e-type=\"container\">\n\t\t\t\t<div class=\"elementor-element elementor-element-81a00fb elementor-widget elementor-widget-text-editor\" data-id=\"81a00fb\" data-element_type=\"widget\" data-e-type=\"widget\" data-widget_type=\"text-editor.default\">\n\t\t\t\t\t\t\t\t\t<p>Im Maixinge Boutique Hotel, Yuanshen Road Nr. 168, Pudong New Area, glauben wir, dass Essen ein Erlebnis sein sollte, das lange nach dem letzten Bissen nachklingt. Yun Ting verk\u00f6rpert diese Philosophie mit einem Men\u00fc, das von der preisgekr\u00f6nten K\u00f6chin Mei Lin zusammengestellt wurde, die sich von ihren Shanghaier Wurzeln inspirieren l\u00e4sst und gleichzeitig die Eleganz globaler Techniken vereint. Hier werden klassische Aromen mit Ehrfurcht neu interpretiert: zarte <em>xiaolongbao<\/em> Mit schwarzem Tr\u00fcffel und gereifter Sojabr\u00fche verfeinert, zergehen sie wie Poesie auf der Zunge; saftige Ente, glasiert mit wildem Berghonig und fermentierten schwarzen Bohnen, wird langsam perfekt ger\u00f6stet und mit handverlesenen Kr\u00e4utern aus der Region Jiangnan serviert. Jeder Teller ist eine Leinwand \u2013 minimalistisch, ausgewogen und atemberaubend sch\u00f6n \u2013 gestaltet, um nicht zu \u00fcberw\u00e4ltigen, sondern aufzuwecken.<\/p>\t\t\t\t\t\t\t\t<\/div>\n\t\t\t\t<\/div>\n\t\t<div class=\"elementor-element elementor-element-bb76a06 e-con-full e-flex e-con e-child\" data-id=\"bb76a06\" data-element_type=\"container\" data-e-type=\"container\">\n\t\t\t\t<div class=\"elementor-element elementor-element-636ac5f elementor-widget elementor-widget-image\" data-id=\"636ac5f\" data-element_type=\"widget\" data-e-type=\"widget\" data-widget_type=\"image.default\">\n\t\t\t\t\t\t\t\t\t\t\t\t\t\t\t<img fetchpriority=\"high\" decoding=\"async\" width=\"1024\" height=\"682\" src=\"https:\/\/maixingeboutiquehotel.com\/wp-content\/uploads\/2025\/09\/Maixinge-Boutique-Hotel-31-1024x682.webp\" class=\"attachment-large size-large wp-image-6380\" alt=\"\" srcset=\"https:\/\/maixingeboutiquehotel.com\/wp-content\/uploads\/2025\/09\/Maixinge-Boutique-Hotel-31-1024x682.webp 1024w, https:\/\/maixingeboutiquehotel.com\/wp-content\/uploads\/2025\/09\/Maixinge-Boutique-Hotel-31-300x200.webp 300w, https:\/\/maixingeboutiquehotel.com\/wp-content\/uploads\/2025\/09\/Maixinge-Boutique-Hotel-31-768x512.webp 768w, https:\/\/maixingeboutiquehotel.com\/wp-content\/uploads\/2025\/09\/Maixinge-Boutique-Hotel-31-18x12.webp 18w, https:\/\/maixingeboutiquehotel.com\/wp-content\/uploads\/2025\/09\/Maixinge-Boutique-Hotel-31.webp 1280w\" sizes=\"(max-width: 1024px) 100vw, 1024px\" \/>\t\t\t\t\t\t\t\t\t\t\t\t\t\t\t<\/div>\n\t\t\t\t<\/div>\n\t\t\t\t\t<\/div>\n\t\t\t\t<\/div>\n\t\t<div class=\"elementor-element elementor-element-d05381b e-flex e-con-boxed e-con e-parent\" data-id=\"d05381b\" data-element_type=\"container\" data-e-type=\"container\">\n\t\t\t\t\t<div class=\"e-con-inner\">\n\t\t\t\t<div class=\"elementor-element elementor-element-53bd849 elementor-widget elementor-widget-text-editor\" data-id=\"53bd849\" data-element_type=\"widget\" data-e-type=\"widget\" data-widget_type=\"text-editor.default\">\n\t\t\t\t\t\t\t\t\t<p data-spm-anchor-id=\"a2ty_o01.29997173.0.i97.7a2fc921UiLjdY\">Das Fr\u00fchst\u00fcck im Yun Ting ist ein Ritual des Wohlbefindens und der Entdeckung. Die G\u00e4ste erwachen zum Duft von frisch ged\u00e4mpftem <em>jianbing<\/em> Cr\u00eapes, hausgemachte Sojamilch mit Ingwerschaum, frisch zubereitete Bio-Eier aus Freilandhaltung und t\u00e4glich frisches Obst der Saison vom lokalen Bauernmarkt. Zusammen mit handwerklich hergestellten Tees \u2013 Oolongs aus einer einzigen Herkunftsregion, die in Tont\u00f6pfen gezogen werden, oder gek\u00fchlte Aufg\u00fcsse mit Jasmin \u2013 f\u00fchlt sich der Morgen hier weniger wie eine Mahlzeit an, sondern eher wie ein sanftes Erwachen der Sinne.<\/p><div class=\"my-2\">\u00a0<\/div><p>Mit Einbruch der Dunkelheit verwandelt sich der Raum. Raumhohe Fenster rahmen den glitzernden Wasserfall des Huangpu-Flusses und die ikonische Silhouette des Oriental Pearl Tower ein und verwandeln den Speisesaal in ein leuchtendes Lichtertheater. Sanfter Jazz und traditionelle Guzheng-Melodien erklingen im Hintergrund, w\u00e4hrend die G\u00e4ste unsere einzigartigen Cocktails mit chinesischen Pflanzen genie\u00dfen \u2013 zum Beispiel Yuzu-Gin mit ger\u00e4uchertem Pflaumensirup oder einen \u201eBund Breeze\u201c aus gereiftem Baijiu und Litschibl\u00fcten. Unsere Weinkarte, sorgf\u00e4ltig ausgew\u00e4hlt aus Boutique-Weing\u00fctern in China und Europa, erg\u00e4nzt jeden Gang mit wohl\u00fcberlegter Harmonie.<\/p><div class=\"my-2\">\u00a0<\/div><p>Was Yun Ting auszeichnet, ist seine famili\u00e4re Atmosph\u00e4re. Mit nur 24 Sitzpl\u00e4tzen werden Reservierungen gesch\u00e4tzt und nicht zur Standardl\u00f6sung. Unsere Kellner kennen Ihren Namen, Ihre bevorzugte Teest\u00e4rke und wissen, ob Sie Ihre Teigtaschen mit Essig oder Chili\u00f6l bestellen. Es gibt keine gedruckten Speisekarten \u2013 stattdessen pr\u00e4sentieren unsere K\u00f6che jedes Gericht mit einer pers\u00f6nlichen Geschichte, erz\u00e4hlen von der Herkunft der Zutaten, der Geschichte hinter der Zubereitung und den Erinnerungen, die es weckt.<\/p><div class=\"my-2\">\u00a0<\/div><p>Ob Sie ein Gesch\u00e4ftsreisender sind, der einen eleganten Abend abseits des Gesch\u00e4ftsessens verbringen m\u00f6chte, ein Paar, das seinen Jahrestag unter den Lichtern der Stadt feiert, oder ein neugieriger Feinschmecker, der Authentizit\u00e4t jenseits von Touristenfallen sucht, Yun Ting bietet mehr als nur K\u00fcche \u2013 es bietet Verbindung. Ein Ort, an dem die Seele Shanghais nicht in Pracht, sondern in Anmut serviert wird.<\/p><div class=\"my-2\">\u00a0<\/div><p>Kommen Sie wegen der Aussicht. Bleiben Sie wegen der Stille zwischen den Bissen.<br \/>Gehen Sie mit einem neuen Verst\u00e4ndnis davon, wie wahre Gastfreundschaft schmeckt.<\/p><div class=\"my-2\">\u00a0<\/div><p data-spm-anchor-id=\"a2ty_o01.29997173.0.i98.7a2fc921UiLjdY\"><strong>Yun Ting \u2013 Wo Geschmack auf Stille trifft.<\/strong><br \/>T\u00e4glich zum Fr\u00fchst\u00fcck (6:30\u201310:30 Uhr) und Abendessen (17:30\u201322:30 Uhr) ge\u00f6ffnet.<br \/>Reservierung empfohlen. Befindet sich im Maixinge Boutique Hotel, Nr. 168 Yuanshen Road, Pudong, Shanghai 200120.<\/p>\t\t\t\t\t\t\t\t<\/div>\n\t\t\t\t\t<\/div>\n\t\t\t\t<\/div>\n\t\t\t\t<section class=\"elementor-section elementor-top-section elementor-element elementor-element-7691a86b elementor-section-stretched elementor-section-boxed elementor-section-gap-beside-yes elementor-section-height-default elementor-section-height-default elementor-section-column-vertical-align-stretch\" data-id=\"7691a86b\" data-element_type=\"section\" data-e-type=\"section\" data-settings=\"{&quot;background_background&quot;:&quot;classic&quot;,&quot;stretch_section&quot;:&quot;section-stretched&quot;}\">\n\t\t\t\t\t\t<div class=\"elementor-container elementor-column-gap-extended\">\n\t\t\t\t\t<div class=\"elementor-column elementor-col-100 elementor-top-column elementor-element elementor-element-1bcb323e\" data-id=\"1bcb323e\" data-element_type=\"column\" data-e-type=\"column\">\n\t\t\t<div class=\"elementor-widget-wrap elementor-element-populated\">\n\t\t\t\t\t\t<div class=\"elementor-element elementor-element-509b8846 elementor-widget elementor-widget-nuss-heading\" data-id=\"509b8846\" data-element_type=\"widget\" data-e-type=\"widget\" data-widget_type=\"nuss-heading.default\">\n\t\t\t\t<div class=\"elementor-widget-container\">\n\t\t\t\t\t\t\t<div class=\"nuss-modern-heading\">\r\n\t\t\t\t\t\t<div class=\"heading-secondary-wrap\">\r\n\t\t\t\t<h3 class=\"heading-secondary elementor-heading-title\">Verf\u00fcgbarkeit pr\u00fcfen <\/h3>\t\t\t<\/div>\r\n\t\t\r\n\t\t\t\r\n\t\t\t\r\n\t\t\t\t\t<\/div>\r\n\t\t\t\t\t<\/div>\n\t\t\t\t<\/div>\n\t\t\t\t<div class=\"elementor-element elementor-element-39c33291 elementor-widget elementor-widget-text-editor\" data-id=\"39c33291\" data-element_type=\"widget\" data-e-type=\"widget\" data-widget_type=\"text-editor.default\">\n\t\t\t\t\t\t\t\t\t<iframe border=\"0\" src=\"https:\/\/www.trip.com\/partners\/ad\/S5424295?Allianceid=4590391&#038;SID=259979126&#038;trip_sub1=\" style=\"width:1200px;height:200px\" frameborder=\"0\" scrolling=\"no\" id=\"S5424295\"><\/iframe>\t\t\t\t\t\t\t\t<\/div>\n\t\t\t\t\t<\/div>\n\t\t<\/div>\n\t\t\t\t\t<\/div>\n\t\t<\/section>\n\t\t\t\t<\/div>","protected":false},"excerpt":{"rendered":"<p>Nestled within the soaring skyline of Shanghai\u2019s Lujiazui financial district, yet removed from the rush and roar of the city below, Yun Ting \u2014 The Cloud Veranda \u2014 is not merely a restaurant. It is an intimate culinary sanctuary where tradition meets quiet innovation, and every dish tells a story whispered through scent, texture, and [&hellip;]<\/p>\n","protected":false},"author":1,"featured_media":0,"parent":0,"menu_order":0,"comment_status":"closed","ping_status":"closed","template":"","meta":{"footnotes":""},"class_list":["post-612","page","type-page","status-publish","hentry","post-no-thumbnail"],"_links":{"self":[{"href":"https:\/\/maixingeboutiquehotel.com\/de\/wp-json\/wp\/v2\/pages\/612","targetHints":{"allow":["GET"]}}],"collection":[{"href":"https:\/\/maixingeboutiquehotel.com\/de\/wp-json\/wp\/v2\/pages"}],"about":[{"href":"https:\/\/maixingeboutiquehotel.com\/de\/wp-json\/wp\/v2\/types\/page"}],"author":[{"embeddable":true,"href":"https:\/\/maixingeboutiquehotel.com\/de\/wp-json\/wp\/v2\/users\/1"}],"replies":[{"embeddable":true,"href":"https:\/\/maixingeboutiquehotel.com\/de\/wp-json\/wp\/v2\/comments?post=612"}],"version-history":[{"count":0,"href":"https:\/\/maixingeboutiquehotel.com\/de\/wp-json\/wp\/v2\/pages\/612\/revisions"}],"wp:attachment":[{"href":"https:\/\/maixingeboutiquehotel.com\/de\/wp-json\/wp\/v2\/media?parent=612"}],"curies":[{"name":"wp","href":"https:\/\/api.w.org\/{rel}","templated":true}]}}