{"id":5266,"date":"2021-07-18T08:03:35","date_gmt":"2021-07-18T08:03:35","guid":{"rendered":"https:\/\/nuss.uxper.co\/luxury-resort\/?page_id=5266"},"modified":"2025-09-17T08:24:40","modified_gmt":"2025-09-17T08:24:40","slug":"uber-uns","status":"publish","type":"page","link":"https:\/\/maixingeboutiquehotel.com\/de\/uber-uns\/","title":{"rendered":"\u00dcber uns"},"content":{"rendered":"<div data-elementor-type=\"wp-page\" data-elementor-id=\"5266\" class=\"elementor elementor-5266\">\n\t\t\t\t\t\t<section class=\"elementor-section elementor-top-section elementor-element elementor-element-10416953 elementor-section-boxed elementor-section-gap-beside-yes elementor-section-height-default elementor-section-height-default elementor-section-column-vertical-align-stretch\" data-id=\"10416953\" data-element_type=\"section\" data-e-type=\"section\">\n\t\t\t\t\t\t<div class=\"elementor-container elementor-column-gap-extended\">\n\t\t\t\t\t<div class=\"elementor-column elementor-col-100 elementor-top-column elementor-element elementor-element-29c6aa8\" data-id=\"29c6aa8\" data-element_type=\"column\" data-e-type=\"column\">\n\t\t\t<div class=\"elementor-widget-wrap elementor-element-populated\">\n\t\t\t\t\t\t<div class=\"elementor-element elementor-element-7be18fe7 elementor-widget__width-initial elementor-invisible elementor-widget elementor-widget-text-editor\" data-id=\"7be18fe7\" data-element_type=\"widget\" data-e-type=\"widget\" data-settings=\"{&quot;_animation&quot;:&quot;nussFadeInUp&quot;}\" data-widget_type=\"text-editor.default\">\n\t\t\t\t\t\t\t\t\t<p><!--StartFragment --><\/p><p>Willkommen bei <strong>Anyee Xinliang Grand Hotel (Chengdu Chunxi Road Taikoo Li)<\/strong>\u2014ein eleganter urbaner R\u00fcckzugsort im Herzen von Chengdus gesch\u00e4ftigem Jinjiang-Viertel. Nur wenige Schritte vom ikonischen <strong>Chunxi-Stra\u00dfe<\/strong> und die stilvolle <strong>Einkaufsviertel Taikoo Li<\/strong>Dieses Vier-Sterne-Hotel verbindet modernen Komfort mit klassischer Eleganz.<\/p><p><!--EndFragment --><\/p>\t\t\t\t\t\t\t\t<\/div>\n\t\t\t\t\t<\/div>\n\t\t<\/div>\n\t\t\t\t\t<\/div>\n\t\t<\/section>\n\t\t\t\t<section class=\"elementor-section elementor-top-section elementor-element elementor-element-7d18327f elementor-section-boxed elementor-section-gap-beside-yes elementor-section-height-default elementor-section-height-default elementor-section-column-vertical-align-stretch\" data-id=\"7d18327f\" data-element_type=\"section\" data-e-type=\"section\">\n\t\t\t\t\t\t<div class=\"elementor-container elementor-column-gap-extended\">\n\t\t\t\t\t<div class=\"elementor-column elementor-col-50 elementor-top-column elementor-element elementor-element-56533670\" data-id=\"56533670\" data-element_type=\"column\" data-e-type=\"column\">\n\t\t\t<div class=\"elementor-widget-wrap elementor-element-populated\">\n\t\t\t\t\t\t<div class=\"elementor-element elementor-element-19c3f543 elementor-invisible elementor-widget elementor-widget-text-editor\" data-id=\"19c3f543\" data-element_type=\"widget\" data-e-type=\"widget\" data-settings=\"{&quot;_animation&quot;:&quot;nussFadeInUp&quot;}\" data-widget_type=\"text-editor.default\">\n\t\t\t\t\t\t\t\t\t<p>Mitten im pulsierenden Herzen von Shanghais Finanzzentrum gelegen, definiert das Maixinge Boutique Hotel in der Yuanshen Road Nr. 168, Pudong New Area, urbanen R\u00fcckzugsort mit ruhiger Eleganz neu. Dieses gem\u00fctliche 4,8-Sterne-Refugium ist mehr als nur ein Schlafplatz: Es bietet anspruchsvollen Reisenden eine seltene Kombination aus minimalistischem Design, hochgradig personalisiertem Service und atemberaubenden Ausblicken auf den Huangpu-Fluss und die ber\u00fchmte Skyline von Lujiazui \u2013 vom Oriental Pearl Tower bis zum Shanghai Tower \u2013, eingerahmt von raumhohen Fenstern in jedem Zimmer.<\/p>\t\t\t\t\t\t\t\t<\/div>\n\t\t\t\t\t<\/div>\n\t\t<\/div>\n\t\t\t\t<div class=\"elementor-column elementor-col-50 elementor-top-column elementor-element elementor-element-30f14127\" data-id=\"30f14127\" data-element_type=\"column\" data-e-type=\"column\">\n\t\t\t<div class=\"elementor-widget-wrap elementor-element-populated\">\n\t\t\t\t\t\t<div class=\"elementor-element elementor-element-59aea08 elementor-widget elementor-widget-image\" data-id=\"59aea08\" data-element_type=\"widget\" data-e-type=\"widget\" data-widget_type=\"image.default\">\n\t\t\t\t\t\t\t\t\t\t\t\t\t\t\t<img fetchpriority=\"high\" decoding=\"async\" width=\"1024\" height=\"682\" src=\"https:\/\/maixingeboutiquehotel.com\/wp-content\/uploads\/2025\/09\/Maixinge-Boutique-Hotel-29-1024x682.webp\" class=\"attachment-large size-large wp-image-6378\" alt=\"\" srcset=\"https:\/\/maixingeboutiquehotel.com\/wp-content\/uploads\/2025\/09\/Maixinge-Boutique-Hotel-29-1024x682.webp 1024w, https:\/\/maixingeboutiquehotel.com\/wp-content\/uploads\/2025\/09\/Maixinge-Boutique-Hotel-29-300x200.webp 300w, https:\/\/maixingeboutiquehotel.com\/wp-content\/uploads\/2025\/09\/Maixinge-Boutique-Hotel-29-768x512.webp 768w, https:\/\/maixingeboutiquehotel.com\/wp-content\/uploads\/2025\/09\/Maixinge-Boutique-Hotel-29-18x12.webp 18w, https:\/\/maixingeboutiquehotel.com\/wp-content\/uploads\/2025\/09\/Maixinge-Boutique-Hotel-29.webp 1280w\" sizes=\"(max-width: 1024px) 100vw, 1024px\" \/>\t\t\t\t\t\t\t\t\t\t\t\t\t\t\t<\/div>\n\t\t\t\t\t<\/div>\n\t\t<\/div>\n\t\t\t\t\t<\/div>\n\t\t<\/section>\n\t\t\t\t<section class=\"elementor-section elementor-top-section elementor-element elementor-element-29fb8578 elementor-section-height-min-height elementor-section-stretched elementor-section-full_width elementor-section-items-stretch elementor-section-height-default elementor-section-column-vertical-align-stretch\" data-id=\"29fb8578\" data-element_type=\"section\" data-e-type=\"section\" data-settings=\"{&quot;stretch_section&quot;:&quot;section-stretched&quot;}\">\n\t\t\t\t\t\t<div class=\"elementor-container elementor-column-gap-no\">\n\t\t\t\t\t<div class=\"elementor-column elementor-col-50 elementor-top-column elementor-element elementor-element-40ac270b\" data-id=\"40ac270b\" data-element_type=\"column\" data-e-type=\"column\">\n\t\t\t<div class=\"elementor-widget-wrap elementor-element-populated\">\n\t\t\t\t\t\t<div class=\"elementor-element elementor-element-20872773 elementor-widget__width-initial elementor-widget-mobile__width-inherit elementor-invisible nuss-elementor-loading nuss-slide-in-right elementor-widget elementor-widget-image\" data-id=\"20872773\" data-element_type=\"widget\" data-e-type=\"widget\" data-settings=\"{&quot;_animation&quot;:&quot;nussSlideInRight&quot;}\" data-widget_type=\"image.default\">\n\t\t\t\t\t\t\t\t\t\t\t\t\t\t\t<img decoding=\"async\" width=\"1280\" height=\"853\" src=\"https:\/\/maixingeboutiquehotel.com\/wp-content\/uploads\/2025\/09\/Maixinge-Boutique-Hotel-28.webp\" class=\"attachment-full size-full wp-image-6377\" alt=\"\" srcset=\"https:\/\/maixingeboutiquehotel.com\/wp-content\/uploads\/2025\/09\/Maixinge-Boutique-Hotel-28.webp 1280w, https:\/\/maixingeboutiquehotel.com\/wp-content\/uploads\/2025\/09\/Maixinge-Boutique-Hotel-28-300x200.webp 300w, https:\/\/maixingeboutiquehotel.com\/wp-content\/uploads\/2025\/09\/Maixinge-Boutique-Hotel-28-1024x682.webp 1024w, https:\/\/maixingeboutiquehotel.com\/wp-content\/uploads\/2025\/09\/Maixinge-Boutique-Hotel-28-768x512.webp 768w, https:\/\/maixingeboutiquehotel.com\/wp-content\/uploads\/2025\/09\/Maixinge-Boutique-Hotel-28-18x12.webp 18w\" sizes=\"(max-width: 1280px) 100vw, 1280px\" \/>\t\t\t\t\t\t\t\t\t\t\t\t\t\t\t<\/div>\n\t\t\t\t\t<\/div>\n\t\t<\/div>\n\t\t\t\t<div class=\"elementor-column elementor-col-50 elementor-top-column elementor-element elementor-element-2dac103\" data-id=\"2dac103\" data-element_type=\"column\" data-e-type=\"column\">\n\t\t\t<div class=\"elementor-widget-wrap elementor-element-populated\">\n\t\t\t\t\t\t<div class=\"elementor-element elementor-element-6f1b8966 elementor-invisible elementor-widget elementor-widget-text-editor\" data-id=\"6f1b8966\" data-element_type=\"widget\" data-e-type=\"widget\" data-settings=\"{&quot;_animation&quot;:&quot;nussFadeInUp&quot;}\" data-widget_type=\"text-editor.default\">\n\t\t\t\t\t\t\t\t\t<p>Das Maixinge wurde f\u00fcr alle geschaffen, die Ruhe im Chaos suchen. Es vereint warme Holzoberfl\u00e4chen, handgefertigte Textilien und intelligente, unaufdringliche Technologie zu einer ruhigen Oase, in der Luxus sp\u00fcrbar, aber nicht zur Schau gestellt wird. Genie\u00dfen Sie ausgew\u00e4hlte Shanghaier K\u00fcche im fl\u00fcsterleisen Restaurant des Hotels, genie\u00dfen Sie handgemachte Cocktails, w\u00e4hrend die Lichter der Stadt nach Einbruch der Dunkelheit schimmern, oder entspannen Sie beim Morgen-Yoga auf der privaten Dachterrasse. Mit reibungslosen Flughafentransfers, einem 24\/7-Concierge-Service, der Ihre W\u00fcnsche vorwegnimmt, und einer Lage nur wenige Schritte von der U-Bahn-Station Lujiazui und den erstklassigen Einkaufsm\u00f6glichkeiten der IFC Mall entfernt, ist das Maixinge nicht nur ein Hotel \u2013 es ist Ihr gehobenes Zuhause in einer der dynamischsten St\u00e4dte der Welt. Ob gesch\u00e4ftlich, privat oder f\u00fcr eine erholsame Pause zwischen zwei Reisezielen: Erleben Sie Shanghai nicht als Tourist, sondern als ruhiger Insider \u2013 wo Eleganz auf Stille trifft und jedes Detail sorgf\u00e4ltig f\u00fcr den modernen Reisenden gestaltet wurde, der Ruhe ebenso sch\u00e4tzt wie Prestige. Buchen Sie Ihren Aufenthalt im Maixinge Boutique Hotel \u2013 wo die Skyline blendet, Ihre Ruhe aber erhalten bleibt.<\/p>\t\t\t\t\t\t\t\t<\/div>\n\t\t\t\t\t<\/div>\n\t\t<\/div>\n\t\t\t\t\t<\/div>\n\t\t<\/section>\n\t\t\t\t<section class=\"elementor-section elementor-top-section elementor-element elementor-element-2092b7d0 elementor-section-stretched elementor-section-boxed elementor-section-gap-beside-yes elementor-section-height-default elementor-section-height-default elementor-section-column-vertical-align-stretch\" data-id=\"2092b7d0\" data-element_type=\"section\" data-e-type=\"section\" data-settings=\"{&quot;background_background&quot;:&quot;classic&quot;,&quot;stretch_section&quot;:&quot;section-stretched&quot;}\">\n\t\t\t\t\t\t<div class=\"elementor-container elementor-column-gap-extended\">\n\t\t\t\t\t<div class=\"elementor-column elementor-col-100 elementor-top-column elementor-element elementor-element-be69d75\" data-id=\"be69d75\" data-element_type=\"column\" data-e-type=\"column\">\n\t\t\t<div class=\"elementor-widget-wrap elementor-element-populated\">\n\t\t\t\t\t\t<div class=\"elementor-element elementor-element-320c022 elementor-widget elementor-widget-nuss-heading\" data-id=\"320c022\" data-element_type=\"widget\" data-e-type=\"widget\" data-widget_type=\"nuss-heading.default\">\n\t\t\t\t<div class=\"elementor-widget-container\">\n\t\t\t\t\t\t\t<div class=\"nuss-modern-heading\">\r\n\t\t\t\t\t\t<div class=\"heading-secondary-wrap\">\r\n\t\t\t\t<h3 class=\"heading-secondary elementor-heading-title\">Verf\u00fcgbarkeit pr\u00fcfen <\/h3>\t\t\t<\/div>\r\n\t\t\r\n\t\t\t\r\n\t\t\t\r\n\t\t\t\t\t<\/div>\r\n\t\t\t\t\t<\/div>\n\t\t\t\t<\/div>\n\t\t\t\t<div class=\"elementor-element elementor-element-fe69a93 elementor-widget elementor-widget-text-editor\" data-id=\"fe69a93\" data-element_type=\"widget\" data-e-type=\"widget\" data-widget_type=\"text-editor.default\">\n\t\t\t\t\t\t\t\t\t<iframe border=\"0\" src=\"https:\/\/www.trip.com\/partners\/ad\/S5424295?Allianceid=4590391&#038;SID=259979126&#038;trip_sub1=\" style=\"width:1200px;height:200px\" frameborder=\"0\" scrolling=\"no\" id=\"S5424295\"><\/iframe>\t\t\t\t\t\t\t\t<\/div>\n\t\t\t\t\t<\/div>\n\t\t<\/div>\n\t\t\t\t\t<\/div>\n\t\t<\/section>\n\t\t\t\t<\/div>","protected":false},"excerpt":{"rendered":"<p>Welcome to Anyee Xinliang Grand Hotel (Chengdu Chunxi Road Taikoo Li)\u2014a refined urban retreat nestled in the heart of Chengdu\u2019s bustling Jinjiang District. Located just steps from the iconic Chunxi Road and the stylish Taikoo Li shopping precinct, this four-star hotel blends modern comfort with classic elegance. Nestled in the pulsating heart of Shanghai\u2019s financial [&hellip;]<\/p>\n","protected":false},"author":1,"featured_media":0,"parent":0,"menu_order":0,"comment_status":"closed","ping_status":"closed","template":"","meta":{"footnotes":""},"class_list":["post-5266","page","type-page","status-publish","hentry","post-no-thumbnail"],"_links":{"self":[{"href":"https:\/\/maixingeboutiquehotel.com\/de\/wp-json\/wp\/v2\/pages\/5266","targetHints":{"allow":["GET"]}}],"collection":[{"href":"https:\/\/maixingeboutiquehotel.com\/de\/wp-json\/wp\/v2\/pages"}],"about":[{"href":"https:\/\/maixingeboutiquehotel.com\/de\/wp-json\/wp\/v2\/types\/page"}],"author":[{"embeddable":true,"href":"https:\/\/maixingeboutiquehotel.com\/de\/wp-json\/wp\/v2\/users\/1"}],"replies":[{"embeddable":true,"href":"https:\/\/maixingeboutiquehotel.com\/de\/wp-json\/wp\/v2\/comments?post=5266"}],"version-history":[{"count":0,"href":"https:\/\/maixingeboutiquehotel.com\/de\/wp-json\/wp\/v2\/pages\/5266\/revisions"}],"wp:attachment":[{"href":"https:\/\/maixingeboutiquehotel.com\/de\/wp-json\/wp\/v2\/media?parent=5266"}],"curies":[{"name":"wp","href":"https:\/\/api.w.org\/{rel}","templated":true}]}}